{"id":68,"date":"2022-07-19T15:58:28","date_gmt":"2022-07-19T13:58:28","guid":{"rendered":"https:\/\/bioval-granules.fr\/index.php\/page-daccueil\/"},"modified":"2026-03-27T12:56:26","modified_gmt":"2026-03-27T11:56:26","slug":"page-daccueil","status":"publish","type":"page","link":"https:\/\/bioval-granules.fr\/","title":{"rendered":"Accueil"},"content":{"rendered":"\n<h1 class=\"wp-block-heading has-text-align-center has-text-color\" style=\"color:#005fa0\"><span><strong>Bienvenue chez Bioval, producteur de granul\u00e9s de bois<\/strong><\/span> <\/h1>\n\n\n\n<h2 class=\"wp-block-heading has-text-align-center\"><\/h2>\n\n\n\n<p><\/p>\n\n\n\n<p><\/p>\n\n\n\n<h2 class=\"wp-block-heading\">Vente directe usine et livraison<\/h2>\n\n\n\n<figure class=\"wp-block-gallery aligncenter has-nested-images columns-default is-cropped wp-block-gallery-1 is-layout-flex wp-block-gallery-is-layout-flex\">\n<figure class=\"wp-block-image size-large\"><img loading=\"lazy\" decoding=\"async\" width=\"768\" height=\"1024\" data-id=\"4570\" src=\"https:\/\/bioval-granules.fr\/wp-content\/uploads\/2025\/10\/IMG_0093-768x1024.jpeg\" alt=\"\" class=\"wp-image-4570\" srcset=\"https:\/\/bioval-granules.fr\/wp-content\/uploads\/2025\/10\/IMG_0093-768x1024.jpeg 768w, https:\/\/bioval-granules.fr\/wp-content\/uploads\/2025\/10\/IMG_0093-225x300.jpeg 225w, https:\/\/bioval-granules.fr\/wp-content\/uploads\/2025\/10\/IMG_0093-1152x1536.jpeg 1152w, https:\/\/bioval-granules.fr\/wp-content\/uploads\/2025\/10\/IMG_0093-416x555.jpeg 416w, https:\/\/bioval-granules.fr\/wp-content\/uploads\/2025\/10\/IMG_0093.jpeg 1536w\" sizes=\"auto, (max-width: 768px) 100vw, 768px\" \/><figcaption class=\"wp-element-caption\">En sac, retrait usine ou livr\u00e9<\/figcaption><\/figure>\n\n\n\n<figure class=\"wp-block-image size-large\"><img loading=\"lazy\" decoding=\"async\" width=\"1024\" height=\"768\" data-id=\"4554\" src=\"https:\/\/bioval-granules.fr\/wp-content\/uploads\/2025\/10\/20231102_125303-1024x768.jpg\" alt=\"\" class=\"wp-image-4554\" srcset=\"https:\/\/bioval-granules.fr\/wp-content\/uploads\/2025\/10\/20231102_125303-1024x768.jpg 1024w, https:\/\/bioval-granules.fr\/wp-content\/uploads\/2025\/10\/20231102_125303-300x225.jpg 300w, https:\/\/bioval-granules.fr\/wp-content\/uploads\/2025\/10\/20231102_125303-768x576.jpg 768w, https:\/\/bioval-granules.fr\/wp-content\/uploads\/2025\/10\/20231102_125303-1536x1152.jpg 1536w, https:\/\/bioval-granules.fr\/wp-content\/uploads\/2025\/10\/20231102_125303-2048x1536.jpg 2048w, https:\/\/bioval-granules.fr\/wp-content\/uploads\/2025\/10\/20231102_125303-416x312.jpg 416w\" sizes=\"auto, (max-width: 1024px) 100vw, 1024px\" \/><figcaption class=\"wp-element-caption\">En vrac livr\u00e9<\/figcaption><\/figure>\n<\/figure>\n\n\n\n<blockquote class=\"wp-block-quote has-medium-font-size is-layout-flow wp-block-quote-is-layout-flow\">\n<p>Un sp\u00e9cialiste du bois pour des granul\u00e9s de qualit\u00e9<\/p>\n<\/blockquote>\n\n\n<div class=\"wp-block-image is-style-default\">\n<figure class=\"aligncenter size-full is-resized\"><img loading=\"lazy\" decoding=\"async\" width=\"480\" height=\"360\" src=\"https:\/\/bioval-granules.fr\/wp-content\/uploads\/2022\/07\/bioval-boutique.jpg\" alt=\"\" class=\"wp-image-98\" style=\"width:600px;height:450px\" srcset=\"https:\/\/bioval-granules.fr\/wp-content\/uploads\/2022\/07\/bioval-boutique.jpg 480w, https:\/\/bioval-granules.fr\/wp-content\/uploads\/2022\/07\/bioval-boutique-300x225.jpg 300w, https:\/\/bioval-granules.fr\/wp-content\/uploads\/2022\/07\/bioval-boutique-416x312.jpg 416w\" sizes=\"auto, (max-width: 480px) 100vw, 480px\" \/><\/figure>\n<\/div>\n\n\n<blockquote class=\"wp-block-quote has-medium-font-size is-layout-flow wp-block-quote-is-layout-flow\">\n<p>Produit 100 % naturel<\/p>\n\n\n\n<p><strong>Certifi\u00e9 NF Bois Qualit\u00e9 Haute Performanc<\/strong>e (Id. F43200-33)<br><\/p>\n<\/blockquote>\n\n\n<div class=\"wp-block-image\">\n<figure class=\"aligncenter size-medium\"><a href=\"http:\/\/www.propellet.fr\" target=\"_blank\" rel=\" noreferrer noopener\"><img loading=\"lazy\" decoding=\"async\" width=\"231\" height=\"300\" src=\"https:\/\/bioval-granules.fr\/wp-content\/uploads\/2026\/03\/Nouveau-logo-Membre-231x300.png\" alt=\"\" class=\"wp-image-6545\" srcset=\"https:\/\/bioval-granules.fr\/wp-content\/uploads\/2026\/03\/Nouveau-logo-Membre-231x300.png 231w, https:\/\/bioval-granules.fr\/wp-content\/uploads\/2026\/03\/Nouveau-logo-Membre-416x539.png 416w, https:\/\/bioval-granules.fr\/wp-content\/uploads\/2026\/03\/Nouveau-logo-Membre.png 510w\" sizes=\"auto, (max-width: 231px) 100vw, 231px\" \/><\/a><\/figure>\n<\/div>\n\n\n<div class=\"wp-block-group is-nowrap is-layout-flex wp-container-core-group-is-layout-6c531013 wp-block-group-is-layout-flex\">\n<p class=\"has-medium-font-size\">En partenariat avec Propellet, Bioval vous offre de b\u00e9n\u00e9ficier de conseils techniques pour votre chauffage au granul\u00e9.<\/p>\n\n\n\n<p class=\"has-medium-font-size\">N&rsquo;h\u00e9sitez pas \u00e0 consulter le site internet&nbsp;<a>:<\/a><a href=\"http:\/\/www.propellet.fr\">www.propellet.fr<\/a>&nbsp;pour consulter les bonnes pratiques et optimiser votre installation.<\/p>\n<\/div>\n\n\n\n<p><\/p>\n","protected":false},"excerpt":{"rendered":"<p>Bienvenue chez Bioval, producteur de granul\u00e9s de bois Vente directe usine et livraison Un sp\u00e9cialiste du bois pour des granul\u00e9s de qualit\u00e9 Produit 100 % naturel Certifi\u00e9 NF Bois Qualit\u00e9 Haute Performance (Id. F43200-33) En partenariat avec Propellet, Bioval vous offre de b\u00e9n\u00e9ficier de conseils techniques pour votre chauffage au granul\u00e9. N&rsquo;h\u00e9sitez pas \u00e0 consulter [&hellip;]<\/p>\n","protected":false},"author":4,"featured_media":0,"parent":0,"menu_order":0,"comment_status":"closed","ping_status":"closed","template":"","meta":{"_themeisle_gutenberg_block_has_review":false,"footnotes":""},"class_list":["post-68","page","type-page","status-publish","hentry"],"jetpack_sharing_enabled":true,"_links":{"self":[{"href":"https:\/\/bioval-granules.fr\/index.php\/wp-json\/wp\/v2\/pages\/68","targetHints":{"allow":["GET"]}}],"collection":[{"href":"https:\/\/bioval-granules.fr\/index.php\/wp-json\/wp\/v2\/pages"}],"about":[{"href":"https:\/\/bioval-granules.fr\/index.php\/wp-json\/wp\/v2\/types\/page"}],"author":[{"embeddable":true,"href":"https:\/\/bioval-granules.fr\/index.php\/wp-json\/wp\/v2\/users\/4"}],"replies":[{"embeddable":true,"href":"https:\/\/bioval-granules.fr\/index.php\/wp-json\/wp\/v2\/comments?post=68"}],"version-history":[{"count":86,"href":"https:\/\/bioval-granules.fr\/index.php\/wp-json\/wp\/v2\/pages\/68\/revisions"}],"predecessor-version":[{"id":6546,"href":"https:\/\/bioval-granules.fr\/index.php\/wp-json\/wp\/v2\/pages\/68\/revisions\/6546"}],"wp:attachment":[{"href":"https:\/\/bioval-granules.fr\/index.php\/wp-json\/wp\/v2\/media?parent=68"}],"curies":[{"name":"wp","href":"https:\/\/api.w.org\/{rel}","templated":true}]}}