{"id":56,"date":"2022-07-18T21:38:59","date_gmt":"2022-07-18T19:38:59","guid":{"rendered":"https:\/\/bioval-granules.fr\/?page_id=56"},"modified":"2025-10-23T13:49:25","modified_gmt":"2025-10-23T11:49:25","slug":"fabrication","status":"publish","type":"page","link":"https:\/\/bioval-granules.fr\/index.php\/fabrication\/","title":{"rendered":"Fabrication"},"content":{"rendered":"\n<h2 class=\"wp-block-heading\">Des granul\u00e9s de haute qualit\u00e9<\/h2>\n\n\n\n<blockquote class=\"wp-block-quote is-layout-flow wp-block-quote-is-layout-flow\">\n<p>Pour satisfaire tous ses clients, l&rsquo;\u00e9quipe de Bioval s&rsquo;engage \u00e0 produire des granul\u00e9s de haute qualit\u00e9, certifi\u00e9e&nbsp;<strong>NF Bois Qualit\u00e9 Haute Performance<\/strong>. Cette certification 100% fran\u00e7aise s\u2019appuie sur les pr\u00e9conisations de la norme internationale ISO 17225-2.<\/p>\n<\/blockquote>\n\n\n\n<p>Nos granul\u00e9s de bois ont un fort pouvoir calorifique et s\u2019adaptent parfaitement \u00e0 tout type de po\u00eale et chaudi\u00e8re \u00e0 granul\u00e9s.<\/p>\n\n\n\n<p>Ils sont fabriqu\u00e9s \u00e0 partir de sciure en provenance de scieries locales. La chaleur utile pour s\u00e9cher la sciure est issue d&rsquo;une chaudi\u00e8re biomasse.<\/p>\n\n\n\n<p>La sciure est d\u00e9shydrat\u00e9e, broy\u00e9e puis compact\u00e9e en cylindre de 6 mm de diam\u00e8tre sans ajout d\u2019additif chimique.<\/p>\n\n\n\n<p><strong>Nous vous proposons ainsi un produit de qualit\u00e9, local, \u00e9cologique et 100% naturel.<\/strong><\/p>\n\n\n<div class=\"wp-block-image is-style-default\">\n<figure class=\"aligncenter size-large\"><img loading=\"lazy\" decoding=\"async\" width=\"1024\" height=\"768\" src=\"https:\/\/bioval-granules.fr\/wp-content\/uploads\/2022\/08\/IMG_3961-1024x768.jpeg\" alt=\"\" class=\"wp-image-474\" srcset=\"https:\/\/bioval-granules.fr\/wp-content\/uploads\/2022\/08\/IMG_3961-1024x768.jpeg 1024w, https:\/\/bioval-granules.fr\/wp-content\/uploads\/2022\/08\/IMG_3961-300x225.jpeg 300w, https:\/\/bioval-granules.fr\/wp-content\/uploads\/2022\/08\/IMG_3961-768x576.jpeg 768w, https:\/\/bioval-granules.fr\/wp-content\/uploads\/2022\/08\/IMG_3961-1536x1152.jpeg 1536w, https:\/\/bioval-granules.fr\/wp-content\/uploads\/2022\/08\/IMG_3961-416x312.jpeg 416w, https:\/\/bioval-granules.fr\/wp-content\/uploads\/2022\/08\/IMG_3961.jpeg 2048w\" sizes=\"auto, (max-width: 1024px) 100vw, 1024px\" \/><figcaption class=\"wp-element-caption\">Le s\u00e9chage \u00e0 basse temp\u00e9rature permet de conserver toutes les propri\u00e9t\u00e9s naturelles du bois<\/figcaption><\/figure>\n<\/div>\n\n\n<h2 class=\"wp-block-heading\">Pourquoi choisir les granul\u00e9s de bois Bioval ?<\/h2>\n\n\n\n<blockquote class=\"wp-block-quote is-layout-flow wp-block-quote-is-layout-flow\">\n<p>La qualit\u00e9 des granul\u00e9s de bois (ou pellets) d\u00e9pend de plusieurs facteurs (composition des granul\u00e9s, taux d\u2019humidit\u00e9, taux de cendres\u2026). La certification NF impose pr\u00e9cis\u00e9ment les limites admissibles de ces valeurs. <\/p>\n<\/blockquote>\n\n\n\n<p>Voici les qualit\u00e9s importantes \u00e0 v\u00e9rifier&nbsp;lors de l\u2019achat de granul\u00e9s :<\/p>\n\n\n\n<ul class=\"wp-block-list\">\n<li><strong>La composition des granul\u00e9s :<\/strong>&nbsp;un granul\u00e9 de qualit\u00e9 doit \u00eatre compos\u00e9 exclusivement de bois, sans ajout d\u2019additif chimique car ceux-ci contribuent \u00e0 polluer l\u2019air int\u00e9rieur en d\u00e9gageant des COV (compos\u00e9s organiques volatiles).&nbsp;L\u2019action de compactage suffit \u00e0 donner leur forme aux granul\u00e9s.&nbsp;<strong>Bioval s\u2019engage \u00e0 produire des granul\u00e9s 100% naturel.<\/strong><\/li>\n\n\n\n<li><strong>Le taux d\u2019humidit\u00e9 :&nbsp;<\/strong>des granul\u00e9s de bois avec un faible taux d\u2019humidit\u00e9 (inf\u00e9rieur \u00e0 10%) permettent \u00e0 votre mat\u00e9riel un bien meilleur rendement. En effet, pour br\u00fbler efficacement, l\u2019humidit\u00e9 du bois doit d\u2019abord s\u2019\u00e9vaporer enti\u00e8rement.&nbsp;<strong>Les granul\u00e9s Bioval ont un taux d\u2019humidit\u00e9 inf\u00e9rieur \u00e0 10%<\/strong>.<\/li>\n\n\n\n<li><strong>Le taux de fines :<\/strong>&nbsp;les poussi\u00e8res sont pr\u00e9judiciables au bon fonctionnement des installations de chauffage. Un taux de fines \u00e9lev\u00e9 risque en effet d\u2019encrasser les organes de transfert et d\u00e9grade les performances de combustion.&nbsp;<strong>Les granul\u00e9s Bioval ont un taux de fines inf\u00e9rieur \u00e0 0,5% en sac et 1% en vrac<\/strong>.<\/li>\n\n\n\n<li><strong>Le taux de cendres :<\/strong>&nbsp;votre mat\u00e9riel fonctionnera plus efficacement et demandera moins d\u2019entretien avec un taux de cendre faible. Un taux de cendres \u00e9lev\u00e9 est aussi un t\u00e9moin de la pr\u00e9sence d\u2019\u00e9corce dans la composition des pellets ou d\u2019un taux d\u2019humidit\u00e9 fort.&nbsp;<strong>Les granul\u00e9s Bioval ont un taux de cendre inf\u00e9rieur \u00e0 0,7%&nbsp;<\/strong>.<\/li>\n\n\n\n<li><strong>Le diam\u00e8tre :<\/strong>&nbsp;les appareils sont con\u00e7us et r\u00e9gl\u00e9s pour accepter des granul\u00e9s d\u2019un diam\u00e8tre sp\u00e9cifique. L\u2019utilisation d\u2019une mauvaise taille de pellets d\u00e9grade les conditions de combustions et cause une perte de rendement de votre installation.&nbsp;<strong>Les granul\u00e9s Bioval ont un diam\u00e8tre de 6mm<\/strong>.<\/li>\n\n\n\n<li><strong>Le&nbsp;pouvoir calorifique :<\/strong>&nbsp;Un pouvoir calorifique \u00e9lev\u00e9 vous garantit un meilleur rendement.&nbsp;<strong>Les granul\u00e9s Bioval ont un pouvoir calorifique sup\u00e9rieur au minimum impos\u00e9 par la norme ISO 17225-2 et surpassent donc les crit\u00e8res de la certification NF Bois Qualit\u00e9 Haute Performance.<\/strong><\/li>\n<\/ul>\n\n\n<div class=\"wp-block-image\">\n<figure class=\"aligncenter size-medium\"><img loading=\"lazy\" decoding=\"async\" width=\"300\" height=\"225\" src=\"https:\/\/bioval-granules.fr\/wp-content\/uploads\/2022\/07\/production-granule-300x225.jpg\" alt=\"\" class=\"wp-image-126\" srcset=\"https:\/\/bioval-granules.fr\/wp-content\/uploads\/2022\/07\/production-granule-300x225.jpg 300w, https:\/\/bioval-granules.fr\/wp-content\/uploads\/2022\/07\/production-granule-768x576.jpg 768w, https:\/\/bioval-granules.fr\/wp-content\/uploads\/2022\/07\/production-granule-416x312.jpg 416w, https:\/\/bioval-granules.fr\/wp-content\/uploads\/2022\/07\/production-granule.jpg 960w\" sizes=\"auto, (max-width: 300px) 100vw, 300px\" \/><\/figure>\n<\/div>\n\n\n<blockquote class=\"wp-block-quote has-text-color is-layout-flow wp-block-quote-is-layout-flow\" style=\"color:#194531\">\n<p>Bioval s\u2019engage ainsi \u00e0 respecter&nbsp;<strong>la charte de qualit\u00e9<\/strong>&nbsp;garantie par la certification&nbsp;<strong>NF Bois Qualit\u00e9 Haute Performance<\/strong>, pour proposer \u00e0 tous ses clients les meilleurs produits et services possibles.<\/p>\n<\/blockquote>\n\n\n<div class=\"wp-block-image\">\n<figure class=\"aligncenter size-full\"><img loading=\"lazy\" decoding=\"async\" width=\"1058\" height=\"1497\" src=\"https:\/\/bioval-granules.fr\/wp-content\/uploads\/2025\/10\/231221-BQHP-Bioval-2024-pdf.jpg\" alt=\"\" class=\"wp-image-4438\"\/><\/figure>\n<\/div>","protected":false},"excerpt":{"rendered":"<p>Des granul\u00e9s de haute qualit\u00e9 Pour satisfaire tous ses clients, l&rsquo;\u00e9quipe de Bioval s&rsquo;engage \u00e0 produire des granul\u00e9s de haute qualit\u00e9, certifi\u00e9e&nbsp;NF Bois Qualit\u00e9 Haute Performance. Cette certification 100% fran\u00e7aise s\u2019appuie sur les pr\u00e9conisations de la norme internationale ISO 17225-2. Nos granul\u00e9s de bois ont un fort pouvoir calorifique et s\u2019adaptent parfaitement \u00e0 tout type [&hellip;]<\/p>\n","protected":false},"author":4,"featured_media":0,"parent":0,"menu_order":0,"comment_status":"closed","ping_status":"closed","template":"","meta":{"_themeisle_gutenberg_block_has_review":false,"footnotes":""},"class_list":["post-56","page","type-page","status-publish","hentry"],"jetpack_sharing_enabled":true,"_links":{"self":[{"href":"https:\/\/bioval-granules.fr\/index.php\/wp-json\/wp\/v2\/pages\/56","targetHints":{"allow":["GET"]}}],"collection":[{"href":"https:\/\/bioval-granules.fr\/index.php\/wp-json\/wp\/v2\/pages"}],"about":[{"href":"https:\/\/bioval-granules.fr\/index.php\/wp-json\/wp\/v2\/types\/page"}],"author":[{"embeddable":true,"href":"https:\/\/bioval-granules.fr\/index.php\/wp-json\/wp\/v2\/users\/4"}],"replies":[{"embeddable":true,"href":"https:\/\/bioval-granules.fr\/index.php\/wp-json\/wp\/v2\/comments?post=56"}],"version-history":[{"count":11,"href":"https:\/\/bioval-granules.fr\/index.php\/wp-json\/wp\/v2\/pages\/56\/revisions"}],"predecessor-version":[{"id":4440,"href":"https:\/\/bioval-granules.fr\/index.php\/wp-json\/wp\/v2\/pages\/56\/revisions\/4440"}],"wp:attachment":[{"href":"https:\/\/bioval-granules.fr\/index.php\/wp-json\/wp\/v2\/media?parent=56"}],"curies":[{"name":"wp","href":"https:\/\/api.w.org\/{rel}","templated":true}]}}